{"id":399,"date":"2020-02-26T18:14:47","date_gmt":"2020-02-26T17:14:47","guid":{"rendered":"http:\/\/www.sv-mellrichstadt.de\/wordpress\/?page_id=399"},"modified":"2025-04-06T23:02:12","modified_gmt":"2025-04-06T21:02:12","slug":"chorwuermchen","status":"publish","type":"page","link":"https:\/\/www.sv-mellrichstadt.de\/wordpress\/?page_id=399","title":{"rendered":"Chorw\u00fcrm:chen Gruppe 1"},"content":{"rendered":"<div id=\"attachment_686\" style=\"width: 594px\" class=\"wp-caption aligncenter\"><a href=\"http:\/\/www.sv-mellrichstadt.de\/wordpress\/wp-content\/uploads\/2023\/01\/IMG-20221217-WA0007Chorwuermchen.jpg\"><img aria-describedby=\"caption-attachment-686\" decoding=\"async\" loading=\"lazy\" class=\"size-large wp-image-686\" src=\"http:\/\/www.sv-mellrichstadt.de\/wordpress\/wp-content\/uploads\/2023\/01\/IMG-20221217-WA0007Chorwuermchen-1024x576.jpg\" alt=\"\" width=\"584\" height=\"329\" srcset=\"https:\/\/www.sv-mellrichstadt.de\/wordpress\/wp-content\/uploads\/2023\/01\/IMG-20221217-WA0007Chorwuermchen-1024x576.jpg 1024w, https:\/\/www.sv-mellrichstadt.de\/wordpress\/wp-content\/uploads\/2023\/01\/IMG-20221217-WA0007Chorwuermchen-300x169.jpg 300w, https:\/\/www.sv-mellrichstadt.de\/wordpress\/wp-content\/uploads\/2023\/01\/IMG-20221217-WA0007Chorwuermchen-768x432.jpg 768w, https:\/\/www.sv-mellrichstadt.de\/wordpress\/wp-content\/uploads\/2023\/01\/IMG-20221217-WA0007Chorwuermchen-1536x864.jpg 1536w, https:\/\/www.sv-mellrichstadt.de\/wordpress\/wp-content\/uploads\/2023\/01\/IMG-20221217-WA0007Chorwuermchen-500x281.jpg 500w, https:\/\/www.sv-mellrichstadt.de\/wordpress\/wp-content\/uploads\/2023\/01\/IMG-20221217-WA0007Chorwuermchen.jpg 2048w\" sizes=\"(max-width: 584px) 100vw, 584px\" \/><\/a><p id=\"caption-attachment-686\" class=\"wp-caption-text\">Die Chorw\u00fcrm:chen beim Weihnachtskonzert 2022 (Foto: Wolfgang Klemm)<\/p><\/div>\n<p>Im Jahre 2012 gr\u00fcndeten Verena Will und Annika Sick, zwei langj\u00e4hrige Mitglieder unserer Chorjugend, \u201eDie Chorw\u00fcrmchen\u201c \u2013 eine Chorgruppe f\u00fcr Kinder im Alter von 4 bis 8 Jahren. Seit 2014 leitete Annika Bachmann, geb. Sick die Chorw\u00fcrmchen alleine, da Verena Will aus famili\u00e4ren Gr\u00fcnden die Leitung aufgeben musste.<\/p>\n<p>Seit Herbst 2021 erh\u00e4lt Annika Bachmann Unterst\u00fctzung durch ihre Schwester Bianca Sick. Gemeinsam leiten sie nun die Chorw\u00fcrm:chen, deren Gruppe 1 sich aus Kindern im Alter zwischen 4 und 7 Jahren (1. Klasse) zusammensetzen.<\/p>\n<p>Ansprechpartnerin:<\/p>\n<p>Annika Bachmann (Leiterin)<\/p>\n<p>0163 \/ 88 14 521<\/p>\n<p><a href=\"http:\/\/www.sv-mellrichstadt.de\/wordpress\/wp-content\/uploads\/2023\/09\/Chorwuermchen-Flyer-neu-Herbst-23.pdf\">Chorw\u00fcrmchen Flyer neu Herbst 23<\/a><a href=\"http:\/\/www.sv-mellrichstadt.de\/wordpress\/wp-content\/uploads\/2023\/09\/Flyer-Chorwuermchen-neu-Herbst-2023-scaled.jpg\"><img decoding=\"async\" loading=\"lazy\" class=\"aligncenter size-large wp-image-795\" src=\"http:\/\/www.sv-mellrichstadt.de\/wordpress\/wp-content\/uploads\/2023\/09\/Flyer-Chorwuermchen-neu-Herbst-2023-724x1024.jpg\" alt=\"\" width=\"584\" height=\"826\" srcset=\"https:\/\/www.sv-mellrichstadt.de\/wordpress\/wp-content\/uploads\/2023\/09\/Flyer-Chorwuermchen-neu-Herbst-2023-724x1024.jpg 724w, https:\/\/www.sv-mellrichstadt.de\/wordpress\/wp-content\/uploads\/2023\/09\/Flyer-Chorwuermchen-neu-Herbst-2023-212x300.jpg 212w, https:\/\/www.sv-mellrichstadt.de\/wordpress\/wp-content\/uploads\/2023\/09\/Flyer-Chorwuermchen-neu-Herbst-2023-768x1086.jpg 768w, https:\/\/www.sv-mellrichstadt.de\/wordpress\/wp-content\/uploads\/2023\/09\/Flyer-Chorwuermchen-neu-Herbst-2023-1086x1536.jpg 1086w, https:\/\/www.sv-mellrichstadt.de\/wordpress\/wp-content\/uploads\/2023\/09\/Flyer-Chorwuermchen-neu-Herbst-2023-1449x2048.jpg 1449w, https:\/\/www.sv-mellrichstadt.de\/wordpress\/wp-content\/uploads\/2023\/09\/Flyer-Chorwuermchen-neu-Herbst-2023-scaled.jpg 1811w\" sizes=\"(max-width: 584px) 100vw, 584px\" \/><\/a><\/p>\n<p>Zum Downloaden und Weitergeben bitte den Flyer anklicken.<\/p>\n","protected":false},"excerpt":{"rendered":"<p>Im Jahre 2012 gr\u00fcndeten Verena Will und Annika Sick, zwei langj\u00e4hrige Mitglieder unserer Chorjugend, \u201eDie Chorw\u00fcrmchen\u201c \u2013 eine Chorgruppe f\u00fcr Kinder im Alter von 4 bis 8 Jahren. Seit 2014 leitete Annika Bachmann, geb. Sick die Chorw\u00fcrmchen alleine, da Verena &hellip; <a href=\"https:\/\/www.sv-mellrichstadt.de\/wordpress\/?page_id=399\">Weiterlesen <span class=\"meta-nav\">&rarr;<\/span><\/a><\/p>\n","protected":false},"author":1,"featured_media":0,"parent":20,"menu_order":6,"comment_status":"closed","ping_status":"closed","template":"","meta":[],"_links":{"self":[{"href":"https:\/\/www.sv-mellrichstadt.de\/wordpress\/index.php?rest_route=\/wp\/v2\/pages\/399"}],"collection":[{"href":"https:\/\/www.sv-mellrichstadt.de\/wordpress\/index.php?rest_route=\/wp\/v2\/pages"}],"about":[{"href":"https:\/\/www.sv-mellrichstadt.de\/wordpress\/index.php?rest_route=\/wp\/v2\/types\/page"}],"author":[{"embeddable":true,"href":"https:\/\/www.sv-mellrichstadt.de\/wordpress\/index.php?rest_route=\/wp\/v2\/users\/1"}],"replies":[{"embeddable":true,"href":"https:\/\/www.sv-mellrichstadt.de\/wordpress\/index.php?rest_route=%2Fwp%2Fv2%2Fcomments&post=399"}],"version-history":[{"count":13,"href":"https:\/\/www.sv-mellrichstadt.de\/wordpress\/index.php?rest_route=\/wp\/v2\/pages\/399\/revisions"}],"predecessor-version":[{"id":971,"href":"https:\/\/www.sv-mellrichstadt.de\/wordpress\/index.php?rest_route=\/wp\/v2\/pages\/399\/revisions\/971"}],"up":[{"embeddable":true,"href":"https:\/\/www.sv-mellrichstadt.de\/wordpress\/index.php?rest_route=\/wp\/v2\/pages\/20"}],"wp:attachment":[{"href":"https:\/\/www.sv-mellrichstadt.de\/wordpress\/index.php?rest_route=%2Fwp%2Fv2%2Fmedia&parent=399"}],"curies":[{"name":"wp","href":"https:\/\/api.w.org\/{rel}","templated":true}]}}