{"id":380,"date":"2020-02-26T17:41:03","date_gmt":"2020-02-26T16:41:03","guid":{"rendered":"http:\/\/www.sv-mellrichstadt.de\/wordpress\/?page_id=380"},"modified":"2024-10-30T23:00:29","modified_gmt":"2024-10-30T22:00:29","slug":"gemischter-chor","status":"publish","type":"page","link":"https:\/\/www.sv-mellrichstadt.de\/wordpress\/?page_id=380","title":{"rendered":"Gemischter Chor"},"content":{"rendered":"<div id=\"attachment_488\" style=\"width: 594px\" class=\"wp-caption aligncenter\"><a href=\"http:\/\/www.sv-mellrichstadt.de\/wordpress\/wp-content\/uploads\/2020\/02\/IMG_7335.jpg\" rel=\"attachment wp-att-488\"><img aria-describedby=\"caption-attachment-488\" decoding=\"async\" loading=\"lazy\" class=\"size-large wp-image-488\" src=\"http:\/\/www.sv-mellrichstadt.de\/wordpress\/wp-content\/uploads\/2020\/02\/IMG_7335-1024x683.jpg\" alt=\"Der Gemischte Chor des S\u00e4ngervereins bei der Nacht der Ch\u00f6re im Juni 2019. (Foto: Carolin Fritz-Reich)\" width=\"584\" height=\"390\" srcset=\"https:\/\/www.sv-mellrichstadt.de\/wordpress\/wp-content\/uploads\/2020\/02\/IMG_7335-1024x683.jpg 1024w, https:\/\/www.sv-mellrichstadt.de\/wordpress\/wp-content\/uploads\/2020\/02\/IMG_7335-300x200.jpg 300w, https:\/\/www.sv-mellrichstadt.de\/wordpress\/wp-content\/uploads\/2020\/02\/IMG_7335-768x512.jpg 768w, https:\/\/www.sv-mellrichstadt.de\/wordpress\/wp-content\/uploads\/2020\/02\/IMG_7335-450x300.jpg 450w\" sizes=\"(max-width: 584px) 100vw, 584px\" \/><\/a><p id=\"caption-attachment-488\" class=\"wp-caption-text\">Der Gemischte Chor des S\u00e4ngervereins bei der Nacht der Ch\u00f6re im Juni 2019. (Foto: Carolin Fritz-Reich)<\/p><\/div>\n<div id=\"attachment_500\" style=\"width: 594px\" class=\"wp-caption aligncenter\"><a href=\"http:\/\/www.sv-mellrichstadt.de\/wordpress\/wp-content\/uploads\/2020\/02\/Nacht-der-Ch\u00f6re-2019-2.jpg\" rel=\"attachment wp-att-500\"><img aria-describedby=\"caption-attachment-500\" decoding=\"async\" loading=\"lazy\" class=\"size-large wp-image-500\" src=\"http:\/\/www.sv-mellrichstadt.de\/wordpress\/wp-content\/uploads\/2020\/02\/Nacht-der-Ch\u00f6re-2019-2-1024x683.jpg\" alt=\"Der Gemischte Chor des SV Mellrichstadt bei der Nacht der Ch\u00f6re im Juni 2019 unter der Leitung von Marianne Klemm. (Foto: Carolin Fritz-Reich)\" width=\"584\" height=\"390\" srcset=\"https:\/\/www.sv-mellrichstadt.de\/wordpress\/wp-content\/uploads\/2020\/02\/Nacht-der-Ch\u00f6re-2019-2-1024x683.jpg 1024w, https:\/\/www.sv-mellrichstadt.de\/wordpress\/wp-content\/uploads\/2020\/02\/Nacht-der-Ch\u00f6re-2019-2-300x200.jpg 300w, https:\/\/www.sv-mellrichstadt.de\/wordpress\/wp-content\/uploads\/2020\/02\/Nacht-der-Ch\u00f6re-2019-2-768x512.jpg 768w, https:\/\/www.sv-mellrichstadt.de\/wordpress\/wp-content\/uploads\/2020\/02\/Nacht-der-Ch\u00f6re-2019-2-450x300.jpg 450w\" sizes=\"(max-width: 584px) 100vw, 584px\" \/><\/a><p id=\"caption-attachment-500\" class=\"wp-caption-text\">Der Gemischte Chor des SV Mellrichstadt bei der Nacht der Ch\u00f6re im Juni 2019 unter der Leitung von Marianne Klemm. (Foto: Carolin Fritz-Reich)<\/p><\/div>\n<div id=\"attachment_497\" style=\"width: 594px\" class=\"wp-caption aligncenter\"><a href=\"http:\/\/www.sv-mellrichstadt.de\/wordpress\/wp-content\/uploads\/2020\/02\/Jubil\u00e4umsabend-Eu\u00dfenhausen-2019-1.jpg\" rel=\"attachment wp-att-497\"><img aria-describedby=\"caption-attachment-497\" decoding=\"async\" loading=\"lazy\" class=\"size-large wp-image-497\" src=\"http:\/\/www.sv-mellrichstadt.de\/wordpress\/wp-content\/uploads\/2020\/02\/Jubil\u00e4umsabend-Eu\u00dfenhausen-2019-1-1024x683.jpg\" alt=\"Auftritt des Gemischten Chores in Eu\u00dfenhausen 2019 unter dem Dirigat von Marianne Klemm. (Foto: Klaus Reder)\" width=\"584\" height=\"390\" srcset=\"https:\/\/www.sv-mellrichstadt.de\/wordpress\/wp-content\/uploads\/2020\/02\/Jubil\u00e4umsabend-Eu\u00dfenhausen-2019-1-1024x683.jpg 1024w, https:\/\/www.sv-mellrichstadt.de\/wordpress\/wp-content\/uploads\/2020\/02\/Jubil\u00e4umsabend-Eu\u00dfenhausen-2019-1-300x200.jpg 300w, https:\/\/www.sv-mellrichstadt.de\/wordpress\/wp-content\/uploads\/2020\/02\/Jubil\u00e4umsabend-Eu\u00dfenhausen-2019-1-768x512.jpg 768w, https:\/\/www.sv-mellrichstadt.de\/wordpress\/wp-content\/uploads\/2020\/02\/Jubil\u00e4umsabend-Eu\u00dfenhausen-2019-1-450x300.jpg 450w\" sizes=\"(max-width: 584px) 100vw, 584px\" \/><\/a><p id=\"caption-attachment-497\" class=\"wp-caption-text\">Auftritt des Gemischten Chores in Eu\u00dfenhausen 2019 unter dem Dirigat von Marianne Klemm. (Foto: Klaus Reder)<\/p><\/div>\n<p>Zu den herausragenden Ereignissen in der Geschichte des Gemischten Chores des S\u00e4ngervereins Mellrichstadt z\u00e4hlt die Teilnahme am \u201eInternational Koorfestival 1975\u201c in Den Haag unter der Leitung des langj\u00e4hrigen Dirigenten Max Fritz. Unter dem Dirigat von Heinz Pallor, der den Chor von 1988 bis 2018 mit gro\u00dfem Erfolg leitete, entwickelt sich der Chor in seinem s\u00e4ngerischen Anspruch weiter. Konzertauff\u00fchrungen des Oratoriums Die Jahreszeiten von Joseph Haydn 1995, die Zigeunerlieder von Johannes Brahms 1997 und die Carmina Burana von Carl Orff zur Jahrtausendwende seien nur als weiter Meilensteine genannt.<\/p>\n<p>Die Carmina Burana war auch das erste Werk, bei dem der S\u00e4ngerverein mit dem Meininger Theater zusammenarbeitete. Daraus entwickelte sich eine k\u00fcnstlerisch erfolgreiche Verbindung, die mit der Doppelauff\u00fchrung von Mozarts Requiem in Meiningen unter GMD Kyrill Petrenko noch intensiviert wurde. Im April 2004 kam es zusammen mit dem Meininger Residenzorchester zu einer viel beachteten Auff\u00fchrung von Haydns Oratorium Die Sch\u00f6pfung. Im M\u00e4rz 2017 schlie\u00dflich f\u00fchrten der Gemischte Chor des S\u00e4ngervereins Mellrichstadt, der Kammerchor des Martin-Pollich-Gymnasium Mellrichstadt und das Meininger Residenzorchester in der katholischen Pfarrkirche St. Kilian in Mellrichstadt unter dem Dirigat von Heinz Pallor ein Schl\u00fcsselwerk der Chorliteratur auf: \u201eEin deutsches Requiem\u201c von Johannes Brahms.<\/p>\n<p>Aktuell liegt der Schwerpunkt des Chores auf der Projektarbeit. Seit vielen Jahren wirkt der S\u00e4ngerverein beim \u201eSalzburg-Klassiker\u201c in Bad Neustadt sowie bei den \u201eMellrichst\u00e4dter Musikn\u00e4chten\u201c mit.<\/p>\n<p>Hinsichtlich des Repertoires liegt der Fokus des Gemischten Chores des S\u00e4ngervereins auf klassischer Musik in ihrer ganzen Bandbreite, wobei Ausfl\u00fcge in andere Genres immer wieder gerne unternommen werden.<\/p>\n<p>Nach einigen Jahren des Pausierens aus famili\u00e4ren Gr\u00fcnden leitet der langj\u00e4hrige Dirigent Heinz Pallor den Chor seit April 2024 wieder.<\/p>\n<p>Interessierte sind herzlich eingeladen, zu einer Schnupperprobe vorbei zu kommen. Der Chor probt immer dienstags von 19.30 bis 21.00 Uhr (ausgenommen Ferienzeiten).<\/p>\n<p>Ansprechpartner:<\/p>\n<p>Marianne Fritz (1. Vorsitzende)<br \/>\nTelefon: 09776 \/ 9798<br \/>\nE-Mail: mariannefritz@gmx.net<\/p>\n","protected":false},"excerpt":{"rendered":"<p>Zu den herausragenden Ereignissen in der Geschichte des Gemischten Chores des S\u00e4ngervereins Mellrichstadt z\u00e4hlt die Teilnahme am \u201eInternational Koorfestival 1975\u201c in Den Haag unter der Leitung des langj\u00e4hrigen Dirigenten Max Fritz. Unter dem Dirigat von Heinz Pallor, der den Chor &hellip; <a href=\"https:\/\/www.sv-mellrichstadt.de\/wordpress\/?page_id=380\">Weiterlesen <span class=\"meta-nav\">&rarr;<\/span><\/a><\/p>\n","protected":false},"author":1,"featured_media":0,"parent":20,"menu_order":1,"comment_status":"closed","ping_status":"closed","template":"","meta":[],"_links":{"self":[{"href":"https:\/\/www.sv-mellrichstadt.de\/wordpress\/index.php?rest_route=\/wp\/v2\/pages\/380"}],"collection":[{"href":"https:\/\/www.sv-mellrichstadt.de\/wordpress\/index.php?rest_route=\/wp\/v2\/pages"}],"about":[{"href":"https:\/\/www.sv-mellrichstadt.de\/wordpress\/index.php?rest_route=\/wp\/v2\/types\/page"}],"author":[{"embeddable":true,"href":"https:\/\/www.sv-mellrichstadt.de\/wordpress\/index.php?rest_route=\/wp\/v2\/users\/1"}],"replies":[{"embeddable":true,"href":"https:\/\/www.sv-mellrichstadt.de\/wordpress\/index.php?rest_route=%2Fwp%2Fv2%2Fcomments&post=380"}],"version-history":[{"count":10,"href":"https:\/\/www.sv-mellrichstadt.de\/wordpress\/index.php?rest_route=\/wp\/v2\/pages\/380\/revisions"}],"predecessor-version":[{"id":919,"href":"https:\/\/www.sv-mellrichstadt.de\/wordpress\/index.php?rest_route=\/wp\/v2\/pages\/380\/revisions\/919"}],"up":[{"embeddable":true,"href":"https:\/\/www.sv-mellrichstadt.de\/wordpress\/index.php?rest_route=\/wp\/v2\/pages\/20"}],"wp:attachment":[{"href":"https:\/\/www.sv-mellrichstadt.de\/wordpress\/index.php?rest_route=%2Fwp%2Fv2%2Fmedia&parent=380"}],"curies":[{"name":"wp","href":"https:\/\/api.w.org\/{rel}","templated":true}]}}