{"id":397,"date":"2020-02-26T18:14:15","date_gmt":"2020-02-26T17:14:15","guid":{"rendered":"http:\/\/www.sv-mellrichstadt.de\/wordpress\/?page_id=397"},"modified":"2025-04-06T23:00:31","modified_gmt":"2025-04-06T21:00:31","slug":"chorwuermer","status":"publish","type":"page","link":"http:\/\/www.sv-mellrichstadt.de\/wordpress\/?page_id=397","title":{"rendered":"Chorw\u00fcrm:chen Gruppe 2"},"content":{"rendered":"<div id=\"attachment_686\" style=\"width: 594px\" class=\"wp-caption aligncenter\"><a href=\"http:\/\/www.sv-mellrichstadt.de\/wordpress\/wp-content\/uploads\/2023\/01\/IMG-20221217-WA0007Chorwuermchen.jpg\"><img aria-describedby=\"caption-attachment-686\" decoding=\"async\" loading=\"lazy\" class=\"size-large wp-image-686\" src=\"http:\/\/www.sv-mellrichstadt.de\/wordpress\/wp-content\/uploads\/2023\/01\/IMG-20221217-WA0007Chorwuermchen-1024x576.jpg\" alt=\"\" width=\"584\" height=\"329\" srcset=\"http:\/\/www.sv-mellrichstadt.de\/wordpress\/wp-content\/uploads\/2023\/01\/IMG-20221217-WA0007Chorwuermchen-1024x576.jpg 1024w, http:\/\/www.sv-mellrichstadt.de\/wordpress\/wp-content\/uploads\/2023\/01\/IMG-20221217-WA0007Chorwuermchen-300x169.jpg 300w, http:\/\/www.sv-mellrichstadt.de\/wordpress\/wp-content\/uploads\/2023\/01\/IMG-20221217-WA0007Chorwuermchen-768x432.jpg 768w, http:\/\/www.sv-mellrichstadt.de\/wordpress\/wp-content\/uploads\/2023\/01\/IMG-20221217-WA0007Chorwuermchen-1536x864.jpg 1536w, http:\/\/www.sv-mellrichstadt.de\/wordpress\/wp-content\/uploads\/2023\/01\/IMG-20221217-WA0007Chorwuermchen-500x281.jpg 500w, http:\/\/www.sv-mellrichstadt.de\/wordpress\/wp-content\/uploads\/2023\/01\/IMG-20221217-WA0007Chorwuermchen.jpg 2048w\" sizes=\"(max-width: 584px) 100vw, 584px\" \/><\/a><p id=\"caption-attachment-686\" class=\"wp-caption-text\">Die beiden Gruppen der Chorw\u00fcrm:chen beim Weihnachtskonzert 2022 (Foto: Wolfgang Klemm)<\/p><\/div>\n<p>Hinter den \u201eChorw\u00fcrm:chen Gruppe 2\u201c verbirgt sich eine Schar motivierter und singbegeisterter Kids von der zweiten bis zur vierten Klasse.<\/p>\n<p>Der Kinderchor des S\u00e4ngervereins Mellrichstadt wurde vor \u00fcber 35 Jahren mit Marianne Klemm als Chorleiterin auf Initiative von Herrn Rudolf Eckert, damaliger Vorsitzende des S\u00e4ngervereins, und seiner damaligen Stellvertreterin Marianne Fritz neu gegr\u00fcndet. Bis 2016 wurde er von Marianne Klemm geleitet, danach dirigierte Jeannette Keil den Chor. Seit Herbst 2021 proben die Chorw\u00fcrmer (so lautete der Name des Kinderchors von 2004 an) gemeinsam mit den Chorw\u00fcrmchen unter der Leitung von Annika Bachmann und Bianca Sick, seit Herbst 2023 wieder aufgeteilt in zwei Gruppen.<\/p>\n<p>Die Chorw\u00fcrm:chen treten bei \u00f6rtlichen und \u00fcber\u00f6rtlichen Veranstaltungen auf, singen gemeinsam mit dem M\u00e4nnerchor des S\u00e4ngervereins am Heiligen Abend unter dem Christbaum auf dem Marktplatz, geben seit 1994 mit den anderen Ensembles der Chorjugend ein eigenes Weihnachtskonzert in der Gustav-Adolf-Kirche und f\u00fchren in gewissen Abst\u00e4nden auch komplette Musicals auf. Die Mitglieder sind mit Eifer dabei und singen sehr gerne: bei gr\u00f6\u00dferen Projekten wie Musical-Auff\u00fchrungen genauso wie bei gelegentlichen Auftritten im Seniorenheim, bei Umrahmungen von Hochzeiten, Andachten oder bei der Mitwirkung bei Konzerten.<\/p>\n<p><strong>Zum Liedgut<\/strong><\/p>\n<p>Dass wir gerne und nat\u00fcrlich sehr viel singen, steht au\u00dfer Frage. Aber was f\u00fcr Lieder singen wir denn \u00fcberhaupt?<br \/>\nDas l\u00e4sst sich nicht in einem Satz sagen, denn wir singen viele verschiedene Sachen. Das h\u00e4ngt nat\u00fcrlich auch immer von unserem n\u00e4chsten Auftritt ab. Sind wir beim Rh\u00f6nklub eingeladen, \u00fcben wir Volkslieder. Wird der n\u00e4chste Auftritt eine Hochzeit, sind es mehr kirchliche und spirituelle Lieder. Und was wir an Weihnachten singen, d\u00fcrfte ja klar sein.<br \/>\nZwischendurch probieren wir aber auch gerne immer wieder neue Lieder aus. Ansonsten singen wir einfach mal zwischendurch lustige und fetzige Lieder, unter anderem aus dem Buch \u201eSing &amp; Swing\u201c. Wie bereits erw\u00e4hnt haben wir auch schon mehrere Musicals mit sehr gutem Erfolg aufgef\u00fchrt.<\/p>\n<p>F\u00fcr allgemeine Fragen zum Chor, wie Proben oder Auftritte, wenden Sie sich am besten an die Chorleiterin Annika Bachmann (0163 \/ 88 14 521).<\/p>\n<p><a href=\"http:\/\/www.sv-mellrichstadt.de\/wordpress\/wp-content\/uploads\/2023\/09\/Flyer-Chorwuermchen-neu-Herbst-2023-scaled.jpg\"><img decoding=\"async\" loading=\"lazy\" class=\"aligncenter size-large wp-image-795\" src=\"http:\/\/www.sv-mellrichstadt.de\/wordpress\/wp-content\/uploads\/2023\/09\/Flyer-Chorwuermchen-neu-Herbst-2023-724x1024.jpg\" alt=\"\" width=\"584\" height=\"826\" srcset=\"http:\/\/www.sv-mellrichstadt.de\/wordpress\/wp-content\/uploads\/2023\/09\/Flyer-Chorwuermchen-neu-Herbst-2023-724x1024.jpg 724w, http:\/\/www.sv-mellrichstadt.de\/wordpress\/wp-content\/uploads\/2023\/09\/Flyer-Chorwuermchen-neu-Herbst-2023-212x300.jpg 212w, http:\/\/www.sv-mellrichstadt.de\/wordpress\/wp-content\/uploads\/2023\/09\/Flyer-Chorwuermchen-neu-Herbst-2023-768x1086.jpg 768w, http:\/\/www.sv-mellrichstadt.de\/wordpress\/wp-content\/uploads\/2023\/09\/Flyer-Chorwuermchen-neu-Herbst-2023-1086x1536.jpg 1086w, http:\/\/www.sv-mellrichstadt.de\/wordpress\/wp-content\/uploads\/2023\/09\/Flyer-Chorwuermchen-neu-Herbst-2023-1449x2048.jpg 1449w, http:\/\/www.sv-mellrichstadt.de\/wordpress\/wp-content\/uploads\/2023\/09\/Flyer-Chorwuermchen-neu-Herbst-2023-scaled.jpg 1811w\" sizes=\"(max-width: 584px) 100vw, 584px\" \/><\/a><a href=\"http:\/\/www.sv-mellrichstadt.de\/wordpress\/wp-content\/uploads\/2023\/09\/Chorwuermchen-Flyer-neu-Herbst-23.pdf\">Chorw\u00fcrmchen Flyer neu Herbst 23<\/a><\/p>\n<p>Mehr Infos zur Geschichte des Chores bzw. der Chorjugend des S\u00e4ngervereins im Allgemeinen finden Sie <a href=\"http:\/\/www.diechorwuermer.de\">hier<\/a>.<\/p>\n","protected":false},"excerpt":{"rendered":"<p>Hinter den \u201eChorw\u00fcrm:chen Gruppe 2\u201c verbirgt sich eine Schar motivierter und singbegeisterter Kids von der zweiten bis zur vierten Klasse. Der Kinderchor des S\u00e4ngervereins Mellrichstadt wurde vor \u00fcber 35 Jahren mit Marianne Klemm als Chorleiterin auf Initiative von Herrn Rudolf &hellip; <a href=\"http:\/\/www.sv-mellrichstadt.de\/wordpress\/?page_id=397\">Weiterlesen <span class=\"meta-nav\">&rarr;<\/span><\/a><\/p>\n","protected":false},"author":1,"featured_media":474,"parent":20,"menu_order":5,"comment_status":"closed","ping_status":"closed","template":"","meta":[],"_links":{"self":[{"href":"http:\/\/www.sv-mellrichstadt.de\/wordpress\/index.php?rest_route=\/wp\/v2\/pages\/397"}],"collection":[{"href":"http:\/\/www.sv-mellrichstadt.de\/wordpress\/index.php?rest_route=\/wp\/v2\/pages"}],"about":[{"href":"http:\/\/www.sv-mellrichstadt.de\/wordpress\/index.php?rest_route=\/wp\/v2\/types\/page"}],"author":[{"embeddable":true,"href":"http:\/\/www.sv-mellrichstadt.de\/wordpress\/index.php?rest_route=\/wp\/v2\/users\/1"}],"replies":[{"embeddable":true,"href":"http:\/\/www.sv-mellrichstadt.de\/wordpress\/index.php?rest_route=%2Fwp%2Fv2%2Fcomments&post=397"}],"version-history":[{"count":16,"href":"http:\/\/www.sv-mellrichstadt.de\/wordpress\/index.php?rest_route=\/wp\/v2\/pages\/397\/revisions"}],"predecessor-version":[{"id":968,"href":"http:\/\/www.sv-mellrichstadt.de\/wordpress\/index.php?rest_route=\/wp\/v2\/pages\/397\/revisions\/968"}],"up":[{"embeddable":true,"href":"http:\/\/www.sv-mellrichstadt.de\/wordpress\/index.php?rest_route=\/wp\/v2\/pages\/20"}],"wp:featuredmedia":[{"embeddable":true,"href":"http:\/\/www.sv-mellrichstadt.de\/wordpress\/index.php?rest_route=\/wp\/v2\/media\/474"}],"wp:attachment":[{"href":"http:\/\/www.sv-mellrichstadt.de\/wordpress\/index.php?rest_route=%2Fwp%2Fv2%2Fmedia&parent=397"}],"curies":[{"name":"wp","href":"https:\/\/api.w.org\/{rel}","templated":true}]}}