{"id":395,"date":"2020-02-26T18:13:41","date_gmt":"2020-02-26T17:13:41","guid":{"rendered":"http:\/\/www.sv-mellrichstadt.de\/wordpress\/?page_id=395"},"modified":"2024-02-26T23:51:45","modified_gmt":"2024-02-26T22:51:45","slug":"jugendchor","status":"publish","type":"page","link":"http:\/\/www.sv-mellrichstadt.de\/wordpress\/?page_id=395","title":{"rendered":"Jugendchor"},"content":{"rendered":"<div id=\"attachment_481\" style=\"width: 594px\" class=\"wp-caption aligncenter\"><a href=\"http:\/\/www.sv-mellrichstadt.de\/wordpress\/wp-content\/uploads\/2020\/02\/DSCF5682.jpg\" rel=\"attachment wp-att-481\"><img aria-describedby=\"caption-attachment-481\" decoding=\"async\" loading=\"lazy\" class=\"size-large wp-image-481\" src=\"http:\/\/www.sv-mellrichstadt.de\/wordpress\/wp-content\/uploads\/2020\/02\/DSCF5682-1024x768.jpg\" alt=\"Der Jugendchor beim Jubil\u00e4umskonzert der Chorjugend am 1. Juni 2019. (Foto: Wolfgang Klemm)\" width=\"584\" height=\"438\" srcset=\"http:\/\/www.sv-mellrichstadt.de\/wordpress\/wp-content\/uploads\/2020\/02\/DSCF5682-1024x768.jpg 1024w, http:\/\/www.sv-mellrichstadt.de\/wordpress\/wp-content\/uploads\/2020\/02\/DSCF5682-300x225.jpg 300w, http:\/\/www.sv-mellrichstadt.de\/wordpress\/wp-content\/uploads\/2020\/02\/DSCF5682-768x576.jpg 768w, http:\/\/www.sv-mellrichstadt.de\/wordpress\/wp-content\/uploads\/2020\/02\/DSCF5682-400x300.jpg 400w\" sizes=\"(max-width: 584px) 100vw, 584px\" \/><\/a><p id=\"caption-attachment-481\" class=\"wp-caption-text\">Der Jugendchor beim Jubil\u00e4umskonzert der Chorjugend am 1. Juni 2019. (Foto: Wolfgang Klemm)<\/p><\/div>\n<div id=\"attachment_482\" style=\"width: 594px\" class=\"wp-caption aligncenter\"><a href=\"http:\/\/www.sv-mellrichstadt.de\/wordpress\/wp-content\/uploads\/2020\/02\/DSCF5850.jpg\" rel=\"attachment wp-att-482\"><img aria-describedby=\"caption-attachment-482\" decoding=\"async\" loading=\"lazy\" class=\"size-large wp-image-482\" src=\"http:\/\/www.sv-mellrichstadt.de\/wordpress\/wp-content\/uploads\/2020\/02\/DSCF5850-1024x768.jpg\" alt=\"Der Jugendchor beim Weihnachtskonzert der Nachwuchsch\u00f6re am 22. Dezember 2019. (Foto: Wolfgang Klemm)\" width=\"584\" height=\"438\" srcset=\"http:\/\/www.sv-mellrichstadt.de\/wordpress\/wp-content\/uploads\/2020\/02\/DSCF5850-1024x768.jpg 1024w, http:\/\/www.sv-mellrichstadt.de\/wordpress\/wp-content\/uploads\/2020\/02\/DSCF5850-300x225.jpg 300w, http:\/\/www.sv-mellrichstadt.de\/wordpress\/wp-content\/uploads\/2020\/02\/DSCF5850-768x576.jpg 768w, http:\/\/www.sv-mellrichstadt.de\/wordpress\/wp-content\/uploads\/2020\/02\/DSCF5850-400x300.jpg 400w, http:\/\/www.sv-mellrichstadt.de\/wordpress\/wp-content\/uploads\/2020\/02\/DSCF5850.jpg 1280w\" sizes=\"(max-width: 584px) 100vw, 584px\" \/><\/a><p id=\"caption-attachment-482\" class=\"wp-caption-text\">Der Jugendchor beim Weihnachtskonzert der Nachwuchsch\u00f6re am 22. Dezember 2019. (Foto: Wolfgang Klemm)<\/p><\/div>\n<div id=\"attachment_483\" style=\"width: 594px\" class=\"wp-caption aligncenter\"><a href=\"http:\/\/www.sv-mellrichstadt.de\/wordpress\/wp-content\/uploads\/2020\/02\/DSCF5870.jpg\" rel=\"attachment wp-att-483\"><img aria-describedby=\"caption-attachment-483\" decoding=\"async\" loading=\"lazy\" class=\"size-large wp-image-483\" src=\"http:\/\/www.sv-mellrichstadt.de\/wordpress\/wp-content\/uploads\/2020\/02\/DSCF5870-1024x768.jpg\" alt=\"Der Jugendchor beim Weihnachtskonzert der Nachwuchsch\u00f6re am 22. Dezember 2019. (Foto: Wolfgang Klemm)\" width=\"584\" height=\"438\" srcset=\"http:\/\/www.sv-mellrichstadt.de\/wordpress\/wp-content\/uploads\/2020\/02\/DSCF5870-1024x768.jpg 1024w, http:\/\/www.sv-mellrichstadt.de\/wordpress\/wp-content\/uploads\/2020\/02\/DSCF5870-300x225.jpg 300w, http:\/\/www.sv-mellrichstadt.de\/wordpress\/wp-content\/uploads\/2020\/02\/DSCF5870-768x576.jpg 768w, http:\/\/www.sv-mellrichstadt.de\/wordpress\/wp-content\/uploads\/2020\/02\/DSCF5870-400x300.jpg 400w, http:\/\/www.sv-mellrichstadt.de\/wordpress\/wp-content\/uploads\/2020\/02\/DSCF5870.jpg 1280w\" sizes=\"(max-width: 584px) 100vw, 584px\" \/><\/a><p id=\"caption-attachment-483\" class=\"wp-caption-text\">Der Jugendchor beim Weihnachtskonzert der Nachwuchsch\u00f6re am 22. Dezember 2019. (Foto: Wolfgang Klemm)<\/p><\/div>\n<p>Aus dem Kinderchor des S\u00e4ngervereins Mellrichstadt ist der Jugendchor erwachsen, der f\u00fcr alle Jugendlichen ab der 6. Klasse gedacht ist. Viele mittlerweile schon \u00e4ltere Jugendliche oder junge Erwachsene kommen noch immer von weit her, um bei den Auftritten, vor allem an Weihnachten, mitsingen zu d\u00fcrfen.<\/p>\n<p><strong>Liedgut:<\/strong><br \/>\nBevorzugt singen die Jugendlichen Songs aus der Popmusik und Film- und Musicalhits, sie sind aber auch traditionellem Liedgut (sch\u00f6nen Volks- und Weihnachtsliedern oder geistlicher Literatur) gegen\u00fcber aufgeschlossen.<br \/>\n(z.B. We are the world, A Million Dreams, It\u2019s raining Men, Lion King-Medley, Songs aus: Die Kinder des Monsieur Mathieu, Freude sch\u00f6ner G\u00f6tterfunke, Joyful, joyful u.v.m.)<\/p>\n<p><strong>CD-Aufnahmen:<\/strong><br \/>\nDer Jugendchor hat bereits zwei CDs eingesungen, 1998 &#8222;Sing all together now&#8220; und 2014 die Jubil\u00e4ums-CD zum 25. Geburtstag &#8222;Come and join the Chorus\u00a0 &#8211; Komm, sing mit uns!&#8220;<\/p>\n<p><a href=\"http:\/\/www.sv-mellrichstadt.de\/wordpress\/wp-content\/uploads\/2020\/02\/CD-1998-Cover.jpg\" rel=\"attachment wp-att-452\"><img decoding=\"async\" loading=\"lazy\" class=\"alignleft size-thumbnail wp-image-452\" src=\"http:\/\/www.sv-mellrichstadt.de\/wordpress\/wp-content\/uploads\/2020\/02\/CD-1998-Cover-150x150.jpg\" alt=\"CD 1998 Cover\" width=\"150\" height=\"150\" \/><\/a><a href=\"http:\/\/www.sv-mellrichstadt.de\/wordpress\/wp-content\/uploads\/2020\/02\/CD-1998-R\u00fcckseite.jpg\" rel=\"attachment wp-att-453\"><img decoding=\"async\" loading=\"lazy\" class=\"alignleft size-thumbnail wp-image-453\" src=\"http:\/\/www.sv-mellrichstadt.de\/wordpress\/wp-content\/uploads\/2020\/02\/CD-1998-R\u00fcckseite-150x150.jpg\" alt=\"CD 1998 R\u00fcckseite\" width=\"150\" height=\"150\" \/><\/a><\/p>\n<p><a href=\"http:\/\/www.sv-mellrichstadt.de\/wordpress\/wp-content\/uploads\/2020\/02\/CD-2014-Cover.jpg\" rel=\"attachment wp-att-454\"><img decoding=\"async\" loading=\"lazy\" class=\"alignleft size-thumbnail wp-image-454\" src=\"http:\/\/www.sv-mellrichstadt.de\/wordpress\/wp-content\/uploads\/2020\/02\/CD-2014-Cover-150x150.jpg\" alt=\"CD 2014 Cover\" width=\"150\" height=\"150\" \/><\/a><a href=\"http:\/\/www.sv-mellrichstadt.de\/wordpress\/wp-content\/uploads\/2020\/02\/CD-2014-R\u00fcckseite.jpg\" rel=\"attachment wp-att-455\"><img decoding=\"async\" loading=\"lazy\" class=\"alignleft size-thumbnail wp-image-455\" src=\"http:\/\/www.sv-mellrichstadt.de\/wordpress\/wp-content\/uploads\/2020\/02\/CD-2014-R\u00fcckseite-150x150.jpg\" alt=\"CD 2014 R\u00fcckseite\" width=\"150\" height=\"150\" \/><\/a><\/p>\n<p><strong>Chorfahrten:<\/strong><br \/>\nDer Jugendchor unternahm in den letzten Jahren einige Ausfl\u00fcge bzw. Reisen, z. B. eine Chorfahrt nach Liberec \/ Tschechien (1998), drei Fahrten nach Berlin, um dort an den deutsch-chinesischen Jugendtagen teilzunehmen (2012, 2014, 2018) sowie eine Frankreichfahrt mit dem S\u00e4ngerkreis-Jugendchor in die Provence, (La Begude, Avignon, Donzere, Montelimar,&#8230;) (2013). Dar\u00fcber hinaus stehen immer wieder Tagesfahrten zu Musicalauff\u00fchrungen auf dem Programm.<\/p>\n<p><strong>Workshops:<\/strong><br \/>\nGerne bilden wir uns in Workshops fort, z. B. im&#8230;<br \/>\nMai\u00a0\u00a0 2012:\u00a0 Workshop und Konzert mit VIVA VOCE aus Ansbach<br \/>\nM\u00e4rz 2015:\u00a0 Workshop + Konzert mit aMuSing, einer a cappella-Gruppe aus M\u00fcnchen<br \/>\nApril 2018:\u00a0\u00a0 Chorworkshop mit Franny Fuchs und Stephanie Feindt mit anschlie\u00dfendem Konzert mit fr\u00e4nk\u2019n feel, dem Pop- und Jazz- Auswahlchor des FSB<br \/>\nApril 2021:\u00a0 2. Workshop + Konzert mit aMuSing<\/p>\n<p><strong>Werbeflyer:<\/strong><\/p>\n<p><a href=\"http:\/\/www.sv-mellrichstadt.de\/wordpress\/wp-content\/uploads\/2020\/02\/Jugendchor-Werbeflyer.jpg\" rel=\"attachment wp-att-622\"><img decoding=\"async\" loading=\"lazy\" class=\"aligncenter size-large wp-image-622\" src=\"http:\/\/www.sv-mellrichstadt.de\/wordpress\/wp-content\/uploads\/2020\/02\/Jugendchor-Werbeflyer-722x1024.jpg\" alt=\"Jugendchor Werbeflyer\" width=\"584\" height=\"828\" srcset=\"http:\/\/www.sv-mellrichstadt.de\/wordpress\/wp-content\/uploads\/2020\/02\/Jugendchor-Werbeflyer-722x1024.jpg 722w, http:\/\/www.sv-mellrichstadt.de\/wordpress\/wp-content\/uploads\/2020\/02\/Jugendchor-Werbeflyer-211x300.jpg 211w, http:\/\/www.sv-mellrichstadt.de\/wordpress\/wp-content\/uploads\/2020\/02\/Jugendchor-Werbeflyer-768x1090.jpg 768w\" sizes=\"(max-width: 584px) 100vw, 584px\" \/><\/a><\/p>\n<p>Zum Downloaden und Weitergeben bitte den Flyer anklicken.<\/p>\n<p>Ansprechpartnerin:<br \/>\nMarianne Klemm (Chorleiterin)<br \/>\nIm Weingarten 12<br \/>\n97638 Mellrichstadt<\/p>\n<p>Tel.: 09776\/1711<br \/>\nMail: mari-klemm@t-online.de<\/p>\n","protected":false},"excerpt":{"rendered":"<p>Aus dem Kinderchor des S\u00e4ngervereins Mellrichstadt ist der Jugendchor erwachsen, der f\u00fcr alle Jugendlichen ab der 6. Klasse gedacht ist. Viele mittlerweile schon \u00e4ltere Jugendliche oder junge Erwachsene kommen noch immer von weit her, um bei den Auftritten, vor allem &hellip; <a href=\"http:\/\/www.sv-mellrichstadt.de\/wordpress\/?page_id=395\">Weiterlesen <span class=\"meta-nav\">&rarr;<\/span><\/a><\/p>\n","protected":false},"author":1,"featured_media":0,"parent":20,"menu_order":3,"comment_status":"closed","ping_status":"closed","template":"","meta":[],"_links":{"self":[{"href":"http:\/\/www.sv-mellrichstadt.de\/wordpress\/index.php?rest_route=\/wp\/v2\/pages\/395"}],"collection":[{"href":"http:\/\/www.sv-mellrichstadt.de\/wordpress\/index.php?rest_route=\/wp\/v2\/pages"}],"about":[{"href":"http:\/\/www.sv-mellrichstadt.de\/wordpress\/index.php?rest_route=\/wp\/v2\/types\/page"}],"author":[{"embeddable":true,"href":"http:\/\/www.sv-mellrichstadt.de\/wordpress\/index.php?rest_route=\/wp\/v2\/users\/1"}],"replies":[{"embeddable":true,"href":"http:\/\/www.sv-mellrichstadt.de\/wordpress\/index.php?rest_route=%2Fwp%2Fv2%2Fcomments&post=395"}],"version-history":[{"count":8,"href":"http:\/\/www.sv-mellrichstadt.de\/wordpress\/index.php?rest_route=\/wp\/v2\/pages\/395\/revisions"}],"predecessor-version":[{"id":872,"href":"http:\/\/www.sv-mellrichstadt.de\/wordpress\/index.php?rest_route=\/wp\/v2\/pages\/395\/revisions\/872"}],"up":[{"embeddable":true,"href":"http:\/\/www.sv-mellrichstadt.de\/wordpress\/index.php?rest_route=\/wp\/v2\/pages\/20"}],"wp:attachment":[{"href":"http:\/\/www.sv-mellrichstadt.de\/wordpress\/index.php?rest_route=%2Fwp%2Fv2%2Fmedia&parent=395"}],"curies":[{"name":"wp","href":"https:\/\/api.w.org\/{rel}","templated":true}]}}