{"id":382,"date":"2020-02-26T17:41:28","date_gmt":"2020-02-26T16:41:28","guid":{"rendered":"http:\/\/www.sv-mellrichstadt.de\/wordpress\/?page_id=382"},"modified":"2024-10-30T23:01:07","modified_gmt":"2024-10-30T22:01:07","slug":"mittendrin","status":"publish","type":"page","link":"http:\/\/www.sv-mellrichstadt.de\/wordpress\/?page_id=382","title":{"rendered":"mittendrin"},"content":{"rendered":"\n<p><strong>5 Jahre Chorensemble &#8222;mittendrin&#8220;&nbsp;im SV Mellrichstadt wollen gefeiert werden!<\/strong><\/p>\n\n\n\n<p>Vor rund 5 Jahren, am 21. Juni 2018<strong>,<\/strong> trafen sich an die 20 junge und junggebliebene Damen und Herren ab ca. 20 Jahren zur ersten Probe des neu gegr\u00fcndeten Chorensembles \u201amittendrin\u2018 &#8211;&nbsp; mittendrin zwischen der Chorjugend und dem gro\u00dfen gemischten Chor des S\u00e4ngervereins Mellrichstadt. Es wird \u00fcberwiegend modernere Chormusik von Pop, \u00fcber Jazz, Musical bis&nbsp; Filmmusik einstudiert. Alle Chormitglieder haben nicht nur Freude und Spa\u00df am Singen und sch\u00f6nen Kl\u00e4ngen, sondern auch&nbsp; an der netten Gemeinschaft, die sich in den Jahren gebildet hat. Neue interessierte S\u00e4ngerinnen und vor allem S\u00e4nger sind sehr willkommen.&nbsp;<\/p>\n\n\n\n<p>Ein <strong>Best of 5 Jahre mittendrin<\/strong> gab es in einem Konzert am <strong>18. Juni 2023 ab 17 Uhr&nbsp; im Schloss Wolzogen<\/strong>..<\/p>\n\n\n<div id=\"attachment_476\" style=\"width: 594px\" class=\"wp-caption aligncenter\"><a href=\"http:\/\/www.sv-mellrichstadt.de\/wordpress\/wp-content\/uploads\/2020\/02\/DSCF5741.jpg\" rel=\"attachment wp-att-476\"><img aria-describedby=\"caption-attachment-476\" decoding=\"async\" loading=\"lazy\" class=\"size-large wp-image-476\" src=\"http:\/\/www.sv-mellrichstadt.de\/wordpress\/wp-content\/uploads\/2020\/02\/DSCF5741-1024x768.jpg\" alt=\"Mittendrin beim Jubil\u00e4umskonzert der Chorjugend am 1. Juni 2019 in der Oskar-Herbig-Halle. (Foto: Wolfgang Klemm)\" width=\"584\" height=\"438\" srcset=\"http:\/\/www.sv-mellrichstadt.de\/wordpress\/wp-content\/uploads\/2020\/02\/DSCF5741-1024x768.jpg 1024w, http:\/\/www.sv-mellrichstadt.de\/wordpress\/wp-content\/uploads\/2020\/02\/DSCF5741-300x225.jpg 300w, http:\/\/www.sv-mellrichstadt.de\/wordpress\/wp-content\/uploads\/2020\/02\/DSCF5741-768x576.jpg 768w, http:\/\/www.sv-mellrichstadt.de\/wordpress\/wp-content\/uploads\/2020\/02\/DSCF5741-400x300.jpg 400w\" sizes=\"(max-width: 584px) 100vw, 584px\" \/><\/a><p id=\"caption-attachment-476\" class=\"wp-caption-text\">Mittendrin beim Jubil\u00e4umskonzert der Chorjugend am 1. Juni 2019 in der Oskar-Herbig-Halle. (Foto: Wolfgang Klemm)<\/p><\/div>\n<p>\u00a0<\/p>\n<div id=\"attachment_477\" style=\"width: 594px\" class=\"wp-caption aligncenter\"><a href=\"http:\/\/www.sv-mellrichstadt.de\/wordpress\/wp-content\/uploads\/2020\/02\/Bild-4-Ensemble-mittendrin.jpg\" rel=\"attachment wp-att-477\"><img aria-describedby=\"caption-attachment-477\" decoding=\"async\" loading=\"lazy\" class=\"size-large wp-image-477\" src=\"http:\/\/www.sv-mellrichstadt.de\/wordpress\/wp-content\/uploads\/2020\/02\/Bild-4-Ensemble-mittendrin-1024x665.jpg\" alt=\"Mittendrin beim Weihnachtskonzert der Nachwuchsch\u00f6re am 22. Dezember 2019. (Foto: Tanja Heier)\" width=\"584\" height=\"379\" srcset=\"http:\/\/www.sv-mellrichstadt.de\/wordpress\/wp-content\/uploads\/2020\/02\/Bild-4-Ensemble-mittendrin-1024x665.jpg 1024w, http:\/\/www.sv-mellrichstadt.de\/wordpress\/wp-content\/uploads\/2020\/02\/Bild-4-Ensemble-mittendrin-300x195.jpg 300w, http:\/\/www.sv-mellrichstadt.de\/wordpress\/wp-content\/uploads\/2020\/02\/Bild-4-Ensemble-mittendrin-768x498.jpg 768w, http:\/\/www.sv-mellrichstadt.de\/wordpress\/wp-content\/uploads\/2020\/02\/Bild-4-Ensemble-mittendrin-462x300.jpg 462w\" sizes=\"(max-width: 584px) 100vw, 584px\" \/><\/a><p id=\"caption-attachment-477\" class=\"wp-caption-text\">Mittendrin beim Weihnachtskonzert der Nachwuchsch\u00f6re am 22. Dezember 2019. (Foto: Tanja Heier)<\/p><\/div>\n<p>Im Juni 2018 wurde mit dem Ensemble mittendrin ein vierter Nachwuchschor des S\u00e4ngervereins Mellrichstadt f\u00fcr junge und junggebliebene S\u00e4nger und S\u00e4ngerinnen gegr\u00fcndet. Er wird von Marianne Klemm geleitet.<\/p>\n<p>Das gemischtstimmige Chorensemble versteht sich als eine Art \u00dcbergangschor zwischen dem Jugendchor und dem Erwachsenenchor und steht jungen und junggebliebenen Damen und Herren ab etwa 20 Jahren offen. Das Repertoire des Chores umfasst vor allem modernes Liedgut wie z. B. Jazz- und Popsongs, Musicalmedleys und Filmmusik.<\/p>\n<p>Du hast deinen 20. Geburtstag bereits hinter dir und Lust auf moderne Chormusik von Pop \u00fcber Jazz, Musical bis Filmmusik? Dann komm\u2019 doch einfach mal vorbei! Das Ensemble probt in der Regel 14-t\u00e4gig, vor Auftritten auch jeden Donnerstag ab 19:30 Uhr im Proberaum im Haus der Ch\u00f6re am Marktplatz in Mellrichstadt und freut sich noch \u00fcber Verst\u00e4rkung.<\/p>\n<p>Du hast noch Fragen? Dann schreibe eine Mail an <a href=\"mailto:mittendrin-im-sv-met@gmx.de\">mittendrin-im-sv-met@gmx.de<\/a> oder rufe an:<\/p>\n<p>Carolin Fritz-Reich (Mitorganisatorin)<br \/>Tel. 09776 \/ 70 43 896<\/p>\n<p>Marianne Klemm (Dirigentin)<br \/>Tel. 09776 \/ 1711<\/p>\n<p>\u00a0<\/p>","protected":false},"excerpt":{"rendered":"<p>5 Jahre Chorensemble &#8222;mittendrin&#8220;&nbsp;im SV Mellrichstadt wollen gefeiert werden! Vor rund 5 Jahren, am 21. Juni 2018, trafen sich an die 20 junge und junggebliebene Damen und Herren ab ca. 20 Jahren zur ersten Probe des neu gegr\u00fcndeten Chorensembles \u201amittendrin\u2018 &hellip; <a href=\"http:\/\/www.sv-mellrichstadt.de\/wordpress\/?page_id=382\">Weiterlesen <span class=\"meta-nav\">&rarr;<\/span><\/a><\/p>\n","protected":false},"author":1,"featured_media":0,"parent":20,"menu_order":3,"comment_status":"closed","ping_status":"closed","template":"","meta":[],"_links":{"self":[{"href":"http:\/\/www.sv-mellrichstadt.de\/wordpress\/index.php?rest_route=\/wp\/v2\/pages\/382"}],"collection":[{"href":"http:\/\/www.sv-mellrichstadt.de\/wordpress\/index.php?rest_route=\/wp\/v2\/pages"}],"about":[{"href":"http:\/\/www.sv-mellrichstadt.de\/wordpress\/index.php?rest_route=\/wp\/v2\/types\/page"}],"author":[{"embeddable":true,"href":"http:\/\/www.sv-mellrichstadt.de\/wordpress\/index.php?rest_route=\/wp\/v2\/users\/1"}],"replies":[{"embeddable":true,"href":"http:\/\/www.sv-mellrichstadt.de\/wordpress\/index.php?rest_route=%2Fwp%2Fv2%2Fcomments&post=382"}],"version-history":[{"count":14,"href":"http:\/\/www.sv-mellrichstadt.de\/wordpress\/index.php?rest_route=\/wp\/v2\/pages\/382\/revisions"}],"predecessor-version":[{"id":976,"href":"http:\/\/www.sv-mellrichstadt.de\/wordpress\/index.php?rest_route=\/wp\/v2\/pages\/382\/revisions\/976"}],"up":[{"embeddable":true,"href":"http:\/\/www.sv-mellrichstadt.de\/wordpress\/index.php?rest_route=\/wp\/v2\/pages\/20"}],"wp:attachment":[{"href":"http:\/\/www.sv-mellrichstadt.de\/wordpress\/index.php?rest_route=%2Fwp%2Fv2%2Fmedia&parent=382"}],"curies":[{"name":"wp","href":"https:\/\/api.w.org\/{rel}","templated":true}]}}