{"id":28,"date":"2012-10-05T12:20:32","date_gmt":"2012-10-05T10:20:32","guid":{"rendered":"http:\/\/www.sv-mellrichstadt.de\/wordpress\/?page_id=28"},"modified":"2023-02-04T23:31:07","modified_gmt":"2023-02-04T22:31:07","slug":"aktuelle","status":"publish","type":"page","link":"http:\/\/www.sv-mellrichstadt.de\/wordpress\/?page_id=28","title":{"rendered":"Ehrungen und Auszeichnungen"},"content":{"rendered":"\n<h1>Ehrungen 2021<\/h1>\n\n\n\n<h1>&nbsp;<\/h1>\n\n\n\n<figure class=\"wp-block-image size-large\"><a href=\"http:\/\/www.sv-mellrichstadt.de\/wordpress\/wp-content\/uploads\/2023\/02\/IMG_0246-1-scaled.jpg\"><img decoding=\"async\" loading=\"lazy\" width=\"1024\" height=\"683\" src=\"http:\/\/www.sv-mellrichstadt.de\/wordpress\/wp-content\/uploads\/2023\/02\/IMG_0246-1-1024x683.jpg\" alt=\"\" class=\"wp-image-726\" srcset=\"http:\/\/www.sv-mellrichstadt.de\/wordpress\/wp-content\/uploads\/2023\/02\/IMG_0246-1-1024x683.jpg 1024w, http:\/\/www.sv-mellrichstadt.de\/wordpress\/wp-content\/uploads\/2023\/02\/IMG_0246-1-300x200.jpg 300w, http:\/\/www.sv-mellrichstadt.de\/wordpress\/wp-content\/uploads\/2023\/02\/IMG_0246-1-768x512.jpg 768w, http:\/\/www.sv-mellrichstadt.de\/wordpress\/wp-content\/uploads\/2023\/02\/IMG_0246-1-1536x1024.jpg 1536w, http:\/\/www.sv-mellrichstadt.de\/wordpress\/wp-content\/uploads\/2023\/02\/IMG_0246-1-2048x1365.jpg 2048w, http:\/\/www.sv-mellrichstadt.de\/wordpress\/wp-content\/uploads\/2023\/02\/IMG_0246-1-450x300.jpg 450w\" sizes=\"(max-width: 1024px) 100vw, 1024px\" \/><\/a><figcaption class=\"wp-element-caption\">1. B\u00fcrgermeister Michael Kraus, Helga Heid, Wolfgang Klemm (beide 50 Jahre), Ulrike Olfen, Ingrid Feiler (beide 25 Jahre), Marianne Fritz (50 Jahre)<\/figcaption><\/figure>\n\n\n\n<h1>Ehrungen 2019<\/h1>\n\n\n\n<figure class=\"wp-block-image size-full\"><a href=\"http:\/\/www.sv-mellrichstadt.de\/wordpress\/wp-content\/uploads\/2012\/10\/Ehrungen-2019.jpg\"><img decoding=\"async\" loading=\"lazy\" width=\"600\" height=\"356\" src=\"http:\/\/www.sv-mellrichstadt.de\/wordpress\/wp-content\/uploads\/2012\/10\/Ehrungen-2019.jpg\" alt=\"\" class=\"wp-image-529\" srcset=\"http:\/\/www.sv-mellrichstadt.de\/wordpress\/wp-content\/uploads\/2012\/10\/Ehrungen-2019.jpg 600w, http:\/\/www.sv-mellrichstadt.de\/wordpress\/wp-content\/uploads\/2012\/10\/Ehrungen-2019-300x178.jpg 300w, http:\/\/www.sv-mellrichstadt.de\/wordpress\/wp-content\/uploads\/2012\/10\/Ehrungen-2019-500x297.jpg 500w\" sizes=\"(max-width: 600px) 100vw, 600px\" \/><\/a><\/figure>\n\n\n\n<h1>Albrecht Erhard, Ursula Wetzstein, Marianne Bauer, Wolfgang Hippeli, Heidi Bucher, Dr. Klaus Reder, Marianne Fritz<\/h1>\n\n\n<div class=\"wp-block-image\">\n<figure class=\"aligncenter\"><a href=\"http:\/\/www.sv-mellrichstadt.de\/wordpress\/wp-content\/uploads\/2012\/10\/Bild-2-Bericht-Rautenberg-IMG-20190604-WA0002.jpg\" rel=\"attachment wp-att-567\"><img decoding=\"async\" loading=\"lazy\" width=\"626\" height=\"346\" src=\"http:\/\/www.sv-mellrichstadt.de\/wordpress\/wp-content\/uploads\/2012\/10\/Bild-2-Bericht-Rautenberg-IMG-20190604-WA0002.jpg\" alt=\"Ehrungen der Chorjugend 2019 (Foto: Fred Rautenberg)\" class=\"wp-image-567\" srcset=\"http:\/\/www.sv-mellrichstadt.de\/wordpress\/wp-content\/uploads\/2012\/10\/Bild-2-Bericht-Rautenberg-IMG-20190604-WA0002.jpg 626w, http:\/\/www.sv-mellrichstadt.de\/wordpress\/wp-content\/uploads\/2012\/10\/Bild-2-Bericht-Rautenberg-IMG-20190604-WA0002-300x166.jpg 300w, http:\/\/www.sv-mellrichstadt.de\/wordpress\/wp-content\/uploads\/2012\/10\/Bild-2-Bericht-Rautenberg-IMG-20190604-WA0002-500x276.jpg 500w\" sizes=\"(max-width: 626px) 100vw, 626px\" \/><\/a><figcaption class=\"wp-element-caption\">Ehrungen der Chorjugend 2019 (Foto: Fred Rautenberg)<\/figcaption><\/figure><\/div>\n\n\n<h1><a href=\"http:\/\/www.sv-mellrichstadt.de\/wordpress\/wp-content\/uploads\/2012\/10\/Ehrungen-2017.jpg\" rel=\"attachment wp-att-528\"><img decoding=\"async\" loading=\"lazy\" class=\"aligncenter size-full wp-image-528\" src=\"http:\/\/www.sv-mellrichstadt.de\/wordpress\/wp-content\/uploads\/2012\/10\/Ehrungen-2017.jpg\" alt=\"Ehrungen 2017\" width=\"600\" height=\"332\" srcset=\"http:\/\/www.sv-mellrichstadt.de\/wordpress\/wp-content\/uploads\/2012\/10\/Ehrungen-2017.jpg 600w, http:\/\/www.sv-mellrichstadt.de\/wordpress\/wp-content\/uploads\/2012\/10\/Ehrungen-2017-300x166.jpg 300w, http:\/\/www.sv-mellrichstadt.de\/wordpress\/wp-content\/uploads\/2012\/10\/Ehrungen-2017-500x277.jpg 500w\" sizes=\"(max-width: 600px) 100vw, 600px\" \/><\/a>Ehrungen 2017<\/h1>\n\n\n\n<h1>Ursula Wetzstein (Vorsitzende der S\u00e4ngergruppe Rh\u00f6n-Grabfeld), Sabine Derleth-Streit, Angelika Bode-Sopp, Ruth Sturm, Monika Marcus, Marianne Fritz<\/h1>\n\n\n\n<h1>S\u00e4ngernachwuchs reift heran (2014)<\/h1>\n\n\n\n<p><a href=\"http:\/\/www.sv-mellrichstadt.de\/wordpress\/wp-content\/uploads\/2012\/10\/5812095_3_1GNHOK.jpg\"><img decoding=\"async\" loading=\"lazy\" class=\"alignnone size-full wp-image-315\" src=\"http:\/\/www.sv-mellrichstadt.de\/wordpress\/wp-content\/uploads\/2012\/10\/5812095_3_1GNHOK.jpg\" alt=\"S\u00e4ngernachwuchs reift heran\" width=\"520\" height=\"232\" srcset=\"http:\/\/www.sv-mellrichstadt.de\/wordpress\/wp-content\/uploads\/2012\/10\/5812095_3_1GNHOK.jpg 520w, http:\/\/www.sv-mellrichstadt.de\/wordpress\/wp-content\/uploads\/2012\/10\/5812095_3_1GNHOK-300x133.jpg 300w, http:\/\/www.sv-mellrichstadt.de\/wordpress\/wp-content\/uploads\/2012\/10\/5812095_3_1GNHOK-500x223.jpg 500w\" sizes=\"(max-width: 520px) 100vw, 520px\" \/><\/a><br>Chorw\u00fcrmer und Jugendchor bereichern seit 25 Jahren das kulturelle Angebot der Stadt<br><a title=\"Zum Artikel(MainPost) \" href=\"http:\/\/www.mainpost.de\/regional\/rhoengrabfeld\/Saengernachwuchs-reift-heran;art777,8033526\">Zum Artikel (MainPost)<\/a><\/p>\n\n\n\n<p><img decoding=\"async\" loading=\"lazy\" class=\"alignnone size-full wp-image-52\" src=\"http:\/\/www.sv-mellrichstadt.de\/wordpress\/wp-content\/uploads\/2012\/10\/ehrungen-jhv-januar-2012.jpg\" alt=\"ehrungen-jhv-januar-2012\" width=\"478\" height=\"256\" srcset=\"http:\/\/www.sv-mellrichstadt.de\/wordpress\/wp-content\/uploads\/2012\/10\/ehrungen-jhv-januar-2012.jpg 478w, http:\/\/www.sv-mellrichstadt.de\/wordpress\/wp-content\/uploads\/2012\/10\/ehrungen-jhv-januar-2012-300x160.jpg 300w\" sizes=\"(max-width: 478px) 100vw, 478px\" \/><br><strong>Ehrungen &#8211; JHV Januar 2012<\/strong><br>(von links) Hartmut Hopperdietzel (25 J.), Vorsitzende Marianne Fritz,<br>Birgit Kern (10 J.), Wiltrud Hopperdietzel (25 J.), Dirigent Heinz Pallor,<br>Ulli Sterzinger (25 J.) und 2.Vorsitzende Monika Marcus.<br><img decoding=\"async\" loading=\"lazy\" class=\"size-full wp-image-53\" src=\"http:\/\/www.sv-mellrichstadt.de\/wordpress\/wp-content\/uploads\/2012\/10\/ehrung-jhv-2011.jpg\" alt=\"Ehrung - JHV 2011\" width=\"479\" height=\"278\" srcset=\"http:\/\/www.sv-mellrichstadt.de\/wordpress\/wp-content\/uploads\/2012\/10\/ehrung-jhv-2011.jpg 479w, http:\/\/www.sv-mellrichstadt.de\/wordpress\/wp-content\/uploads\/2012\/10\/ehrung-jhv-2011-300x174.jpg 300w\" sizes=\"(max-width: 479px) 100vw, 479px\" \/><br><strong>Ehrung &#8211; JHV 2011<\/strong><br>(von links) stellv. Vorsitzende Monika Marcus, Chorleiter Heinz Pallor,<br>Wolfgang Klemm (40 J), Vorsitzende der SG Rh\u00f6n-Grabfeld Ursula Wetzstein,<br>Klaus Reder (10 J), Vorsitzende Marianne Fritz (40 J.), Heinrich Geis (10 J),<br>Helga Heid (40 J) und Hilmar Metz (40 J).<br><img decoding=\"async\" loading=\"lazy\" class=\"alignnone size-full wp-image-54\" src=\"http:\/\/www.sv-mellrichstadt.de\/wordpress\/wp-content\/uploads\/2012\/10\/ehrungen-2010.jpg\" alt=\"ehrungen-2010\" width=\"479\" height=\"236\" srcset=\"http:\/\/www.sv-mellrichstadt.de\/wordpress\/wp-content\/uploads\/2012\/10\/ehrungen-2010.jpg 479w, http:\/\/www.sv-mellrichstadt.de\/wordpress\/wp-content\/uploads\/2012\/10\/ehrungen-2010-300x147.jpg 300w\" sizes=\"(max-width: 479px) 100vw, 479px\" \/><br><strong>Ehrungen &#8211; 2010<\/strong><br>(von links) Evelyn M\u00fcller (25 Jahre), Monika Marcus (stellv. Vorsitzende),<br>Vorsitzende Marianne Fritz, Irmi Scheidl (25 Jahre), Stefan Marcus,<br>Marga Balling (40 Jahre), Karin Kr\u00e4mer (25 Jahre) und Chorleiter Heinz Pallor.<br><img decoding=\"async\" loading=\"lazy\" class=\"alignnone size-full wp-image-55\" src=\"http:\/\/www.sv-mellrichstadt.de\/wordpress\/wp-content\/uploads\/2012\/10\/goldene-stimmgabel-2009.jpg\" alt=\"goldene-stimmgabel-2009\" width=\"569\" height=\"416\" srcset=\"http:\/\/www.sv-mellrichstadt.de\/wordpress\/wp-content\/uploads\/2012\/10\/goldene-stimmgabel-2009.jpg 569w, http:\/\/www.sv-mellrichstadt.de\/wordpress\/wp-content\/uploads\/2012\/10\/goldene-stimmgabel-2009-300x219.jpg 300w, http:\/\/www.sv-mellrichstadt.de\/wordpress\/wp-content\/uploads\/2012\/10\/goldene-stimmgabel-2009-410x300.jpg 410w\" sizes=\"(max-width: 569px) 100vw, 569px\" \/><br><strong>Goldene Stimmgabel &#8211; 2009<\/strong><br>Chorleiterin Marianne Klemm (vorne) freut sich \u00fcber die Gl\u00fcckw\u00fcnsche<br>von Monika Marcus , Rudi Eckert, Ehemann Wolfgang<br>und der Vorsitzenden Marianne Fritz.<br><img decoding=\"async\" loading=\"lazy\" class=\"alignnone size-full wp-image-56\" src=\"http:\/\/www.sv-mellrichstadt.de\/wordpress\/wp-content\/uploads\/2012\/10\/ehrungen-jhv-2009.jpg\" alt=\"ehrungen-jhv-2009\" width=\"569\" height=\"368\" srcset=\"http:\/\/www.sv-mellrichstadt.de\/wordpress\/wp-content\/uploads\/2012\/10\/ehrungen-jhv-2009.jpg 569w, http:\/\/www.sv-mellrichstadt.de\/wordpress\/wp-content\/uploads\/2012\/10\/ehrungen-jhv-2009-300x194.jpg 300w, http:\/\/www.sv-mellrichstadt.de\/wordpress\/wp-content\/uploads\/2012\/10\/ehrungen-jhv-2009-463x300.jpg 463w\" sizes=\"(max-width: 569px) 100vw, 569px\" \/><br><strong>Ehrungen &#8211; JHV 2009<\/strong><br>Gute Laune herrschte im S\u00e4ngerverein Mellrichstadt angesichts der Ehrungen, die im Rahmen der Hauptversammlung vorgenommen wurden. Seit 40 Jahren singen Marianne Klemm (Zweite von rechts), die Chorleiterin der beiden Nachwuchsch\u00f6re, sowie Wolfgang Fritz (hinten Mitte) im Verein. Seit 25 Jahren sind Monika Burkhardt (Dritte von links) und Carolina Mihm (Vierte von rechts) dabei. Es gratulierten Paul Kolb (hinten rechts), der Vorsitzende des S\u00e4ngerkreises Schweinfurt, Chorleiter Heinz Pallor (Zweiter von links), die Vorsitzende Marianne Fritz (links) und ihre Stellvertreterin Monika Marcus (rechts).<br><img decoding=\"async\" loading=\"lazy\" class=\"alignnone size-full wp-image-57\" src=\"http:\/\/www.sv-mellrichstadt.de\/wordpress\/wp-content\/uploads\/2012\/10\/ehrungen-jhv-2009-10.jpg\" alt=\"ehrungen-jhv-2009-10\" width=\"569\" height=\"373\" srcset=\"http:\/\/www.sv-mellrichstadt.de\/wordpress\/wp-content\/uploads\/2012\/10\/ehrungen-jhv-2009-10.jpg 569w, http:\/\/www.sv-mellrichstadt.de\/wordpress\/wp-content\/uploads\/2012\/10\/ehrungen-jhv-2009-10-300x196.jpg 300w, http:\/\/www.sv-mellrichstadt.de\/wordpress\/wp-content\/uploads\/2012\/10\/ehrungen-jhv-2009-10-457x300.jpg 457w\" sizes=\"(max-width: 569px) 100vw, 569px\" \/><br><strong>Ehrungen &#8211; JHV 2009<\/strong><br>Seit zehn Jahren sind Renate Mack (Dritte von links), Heidrun Mauder (Vierte von links), Monika L\u00f6chner (Dritte von rechts) und Robert Burkhardt (Vierter von rechts) aktive Mitglieder des S\u00e4ngervereins Mellrichstadt. Dazu gratulierten Paul Kolb, Vorsitzender des S\u00e4ngerkreises Schweinfurt (Zweiter von rechts), Dirigent Heinz Pallor (rechts), S\u00e4ngerverein-Vorsitzende Marianne Fritz (links) und deren Stellvertreterin Monika Marcus (Zweite von links) mit roten Rosen.<\/p>\n","protected":false},"excerpt":{"rendered":"<p>Ehrungen 2021 &nbsp; Ehrungen 2019 Albrecht Erhard, Ursula Wetzstein, Marianne Bauer, Wolfgang Hippeli, Heidi Bucher, Dr. Klaus Reder, Marianne Fritz Ehrungen 2017 Ursula Wetzstein (Vorsitzende der S\u00e4ngergruppe Rh\u00f6n-Grabfeld), Sabine Derleth-Streit, Angelika Bode-Sopp, Ruth Sturm, Monika Marcus, Marianne Fritz S\u00e4ngernachwuchs reift &hellip; <a href=\"http:\/\/www.sv-mellrichstadt.de\/wordpress\/?page_id=28\">Weiterlesen <span class=\"meta-nav\">&rarr;<\/span><\/a><\/p>\n","protected":false},"author":1,"featured_media":0,"parent":0,"menu_order":3,"comment_status":"closed","ping_status":"open","template":"","meta":[],"_links":{"self":[{"href":"http:\/\/www.sv-mellrichstadt.de\/wordpress\/index.php?rest_route=\/wp\/v2\/pages\/28"}],"collection":[{"href":"http:\/\/www.sv-mellrichstadt.de\/wordpress\/index.php?rest_route=\/wp\/v2\/pages"}],"about":[{"href":"http:\/\/www.sv-mellrichstadt.de\/wordpress\/index.php?rest_route=\/wp\/v2\/types\/page"}],"author":[{"embeddable":true,"href":"http:\/\/www.sv-mellrichstadt.de\/wordpress\/index.php?rest_route=\/wp\/v2\/users\/1"}],"replies":[{"embeddable":true,"href":"http:\/\/www.sv-mellrichstadt.de\/wordpress\/index.php?rest_route=%2Fwp%2Fv2%2Fcomments&post=28"}],"version-history":[{"count":28,"href":"http:\/\/www.sv-mellrichstadt.de\/wordpress\/index.php?rest_route=\/wp\/v2\/pages\/28\/revisions"}],"predecessor-version":[{"id":729,"href":"http:\/\/www.sv-mellrichstadt.de\/wordpress\/index.php?rest_route=\/wp\/v2\/pages\/28\/revisions\/729"}],"wp:attachment":[{"href":"http:\/\/www.sv-mellrichstadt.de\/wordpress\/index.php?rest_route=%2Fwp%2Fv2%2Fmedia&parent=28"}],"curies":[{"name":"wp","href":"https:\/\/api.w.org\/{rel}","templated":true}]}}