{"id":17,"date":"2012-10-05T12:15:54","date_gmt":"2012-10-05T10:15:54","guid":{"rendered":"http:\/\/www.sv-mellrichstadt.de\/wordpress\/?page_id=17"},"modified":"2025-03-10T00:19:10","modified_gmt":"2025-03-09T23:19:10","slug":"wir-uber-uns","status":"publish","type":"page","link":"http:\/\/www.sv-mellrichstadt.de\/wordpress\/","title":{"rendered":"Startseite"},"content":{"rendered":"<p>Herzlich Willkommen auf der Homepage des S\u00e4ngervereins Mellrichstadt 1879 e.V. Wir freuen uns sehr \u00fcber Ihr und euer Interesse und w\u00fcnschen viel Vergn\u00fcgen beim Durchst\u00f6bern unserer Seiten.<\/p>\n<h1>Wir \u00fcber uns<\/h1>\n<p>\u201eNULLA VITA SINE MUSICA\u201c<\/p>\n<p>Diese alte lateinische Redewendung k\u00f6nnte das Motto des S\u00e4ngervereins Mellrichstadt sein. Der S\u00e4ngerverein Mellrichstadt wurde im Februar 1879 als reiner M\u00e4nnerchor gegr\u00fcndet. Aus dem S\u00e4ngerverein von damals ist heute \u2013 145 Jahre sp\u00e4ter \u2013 ein moderner Verein mit ca. 150 aktiven Mitgliedern im Alter von vier bis 85 Jahren geworden, der den individuellen Bed\u00fcrfnissen chorischen Singens im beginnenden 21. Jahrhundert entspricht und generationen\u00fcbergreifend arbeitet. Neben dem Gemischten Chor mit ca. 50 erwachsenen S\u00e4ngerinnen und S\u00e4ngern umfasst der Verein mit den \u201eChorw\u00fcrm:chen\u201c einen Kinderchor sowie einen Jugendchor und seit 2018 den jungen Chor \u201emittendrin\u201c. Frei nach dem Motto \u201ezur\u00fcck zu den Wurzeln\u201c geh\u00f6rt dem Verein seit 2020 auch wieder ein M\u00e4nnerchor an, der projekt-orientiert arbeitet.<\/p>\n<p>Der Verein umfasst nicht nur mehrere Generationen, auch hinsichtlich des Repertoires ist eine gro\u00dfe Vielfalt geboten. Zahlreiche Musikgenres von Klassik \u00fcber Volkst\u00fcmliche Musik, Filmmusik und Musical bis hin zu Rock und Pop werden durch die unterschiedlichen Ch\u00f6re abgedeckt. Dabei reichen die Auftrittsm\u00f6glichkeiten von Darbietungen im privaten oder kleineren halb\u00f6ffentlichen Rahmen bis hin zu anspruchsvollen Chorprojekten mit Orchester auf gro\u00dfer (Open air-)B\u00fchne.<\/p>\n<p>Der S\u00e4ngerverein Mellrichstadt ist ein Verein, dem Geselligkeit von jeher sehr wichtig ist. Kultstatus genossen etwa die legend\u00e4ren Faschingsb\u00e4lle, die in den 1970er Jahren vom Verein organisiert wurden. Weiterhin richtet der S\u00e4ngerverein immer wieder Weinfeste und Liederabende aus. Die Ausgestaltung des Singens unter dem Weihnachtsbaum auf dem Marktplatz von Mellrichstadt hat bereits eine lange Tradition. Auch an Veranstaltungen wie der Mellrichst\u00e4dter Musiknacht, der Mellrichst\u00e4dter Lichternacht oder dem Stadtfest wirkt der S\u00e4ngerverein regelm\u00e4\u00dfig mit.<\/p>\n<p>Kleinere Umtr\u00fcnke nach den Proben und geselliges Beisammensein f\u00f6rdern den Zusammenhalt der Chorgemeinschaften. Chorfahrten und Ausfl\u00fcge des Vereins ins In- und Ausland geh\u00f6ren zu den H\u00f6hepunkten des Vereinslebens.<\/p>\n<p>N\u00e4heres \u00fcber die einzelnen Ch\u00f6re erfahren sie <a href=\"http:\/\/www.sv-mellrichstadt.de\/wordpress\/?page_id=20\">hier<\/a>.<\/p>\n<p>Zur Satzung des Vereins gelangen Sie <a href=\"ttp:\/\/www.sv-mellrichstadt.de\/wordpress\/wp-content\/uploads\/2025\/03\/Satzung_SV_MET_April_2024.pdf\">hier<\/a>.<\/p>\n","protected":false},"excerpt":{"rendered":"<p>Herzlich Willkommen auf der Homepage des S\u00e4ngervereins Mellrichstadt 1879 e.V. Wir freuen uns sehr \u00fcber Ihr und euer Interesse und w\u00fcnschen viel Vergn\u00fcgen beim Durchst\u00f6bern unserer Seiten. Wir \u00fcber uns \u201eNULLA VITA SINE MUSICA\u201c Diese alte lateinische Redewendung k\u00f6nnte das &hellip; <a href=\"http:\/\/www.sv-mellrichstadt.de\/wordpress\/\">Weiterlesen <span class=\"meta-nav\">&rarr;<\/span><\/a><\/p>\n","protected":false},"author":1,"featured_media":0,"parent":0,"menu_order":1,"comment_status":"closed","ping_status":"open","template":"","meta":[],"_links":{"self":[{"href":"http:\/\/www.sv-mellrichstadt.de\/wordpress\/index.php?rest_route=\/wp\/v2\/pages\/17"}],"collection":[{"href":"http:\/\/www.sv-mellrichstadt.de\/wordpress\/index.php?rest_route=\/wp\/v2\/pages"}],"about":[{"href":"http:\/\/www.sv-mellrichstadt.de\/wordpress\/index.php?rest_route=\/wp\/v2\/types\/page"}],"author":[{"embeddable":true,"href":"http:\/\/www.sv-mellrichstadt.de\/wordpress\/index.php?rest_route=\/wp\/v2\/users\/1"}],"replies":[{"embeddable":true,"href":"http:\/\/www.sv-mellrichstadt.de\/wordpress\/index.php?rest_route=%2Fwp%2Fv2%2Fcomments&post=17"}],"version-history":[{"count":48,"href":"http:\/\/www.sv-mellrichstadt.de\/wordpress\/index.php?rest_route=\/wp\/v2\/pages\/17\/revisions"}],"predecessor-version":[{"id":947,"href":"http:\/\/www.sv-mellrichstadt.de\/wordpress\/index.php?rest_route=\/wp\/v2\/pages\/17\/revisions\/947"}],"wp:attachment":[{"href":"http:\/\/www.sv-mellrichstadt.de\/wordpress\/index.php?rest_route=%2Fwp%2Fv2%2Fmedia&parent=17"}],"curies":[{"name":"wp","href":"https:\/\/api.w.org\/{rel}","templated":true}]}}